{"id":133,"date":"2024-01-25T15:55:36","date_gmt":"2024-01-25T15:55:36","guid":{"rendered":"https:\/\/direct-solutions.eu\/?page_id=133"},"modified":"2024-01-31T17:34:05","modified_gmt":"2024-01-31T17:34:05","slug":"dgsvo","status":"publish","type":"page","link":"https:\/\/direct-solutions.eu\/?page_id=133","title":{"rendered":"DGSVO"},"content":{"rendered":"\t\t<div data-elementor-type=\"wp-page\" data-elementor-id=\"133\" class=\"elementor elementor-133\">\n\t\t\t\t<div class=\"elementor-element elementor-element-64d282e9 e-flex e-con-boxed e-con e-parent\" data-id=\"64d282e9\" data-element_type=\"container\" data-settings=\"{&quot;background_background&quot;:&quot;classic&quot;}\">\n\t\t\t\t\t<div class=\"e-con-inner\">\n\t\t\t\t\t<\/div>\n\t\t\t\t<\/div>\n\t\t<div class=\"elementor-element elementor-element-1002fbd9 e-flex e-con-boxed e-con e-parent\" data-id=\"1002fbd9\" data-element_type=\"container\" data-settings=\"{&quot;background_background&quot;:&quot;classic&quot;}\">\n\t\t\t\t\t<div class=\"e-con-inner\">\n\t\t<div class=\"elementor-element elementor-element-41104704 e-flex e-con-boxed e-con e-child\" data-id=\"41104704\" data-element_type=\"container\">\n\t\t\t\t\t<div class=\"e-con-inner\">\n\t\t<div class=\"elementor-element elementor-element-68261072 e-con-full e-flex e-con e-child\" data-id=\"68261072\" data-element_type=\"container\" data-settings=\"{&quot;background_background&quot;:&quot;gradient&quot;}\">\n\t\t<div class=\"elementor-element elementor-element-33e67f8d e-con-full elementor-hidden-mobile e-flex e-con e-child\" data-id=\"33e67f8d\" data-element_type=\"container\">\n\t\t\t\t<div class=\"elementor-element elementor-element-335ef334 elementor-align-justify image-button elementor-widget elementor-widget-button\" data-id=\"335ef334\" data-element_type=\"widget\" data-widget_type=\"button.default\">\n\t\t\t\t<div class=\"elementor-widget-container\">\n\t\t\t\t\t\t\t\t\t<div class=\"elementor-button-wrapper\">\n\t\t\t\t\t<a class=\"elementor-button elementor-button-link elementor-size-sm elementor-animation-grow\" href=\"https:\/\/direct-solutions.eu\/\">\n\t\t\t\t\t\t<span class=\"elementor-button-content-wrapper\">\n\t\t\t\t\t\t<span class=\"elementor-button-icon\">\n\t\t\t\t<svg aria-hidden=\"true\" class=\"e-font-icon-svg e-fas-landmark\" viewBox=\"0 0 512 512\" xmlns=\"http:\/\/www.w3.org\/2000\/svg\"><path d=\"M501.62 92.11L267.24 2.04a31.958 31.958 0 0 0-22.47 0L10.38 92.11A16.001 16.001 0 0 0 0 107.09V144c0 8.84 7.16 16 16 16h480c8.84 0 16-7.16 16-16v-36.91c0-6.67-4.14-12.64-10.38-14.98zM64 192v160H48c-8.84 0-16 7.16-16 16v48h448v-48c0-8.84-7.16-16-16-16h-16V192h-64v160h-96V192h-64v160h-96V192H64zm432 256H16c-8.84 0-16 7.16-16 16v32c0 8.84 7.16 16 16 16h480c8.84 0 16-7.16 16-16v-32c0-8.84-7.16-16-16-16z\"><\/path><\/svg>\t\t\t<\/span>\n\t\t\t\t\t\t\t\t\t<span class=\"elementor-button-text\">Home<\/span>\n\t\t\t\t\t<\/span>\n\t\t\t\t\t<\/a>\n\t\t\t\t<\/div>\n\t\t\t\t\t\t\t\t<\/div>\n\t\t\t\t<\/div>\n\t\t\t\t<div class=\"elementor-element elementor-element-7c5497e3 elementor-align-justify image-button elementor-widget elementor-widget-button\" data-id=\"7c5497e3\" data-element_type=\"widget\" data-widget_type=\"button.default\">\n\t\t\t\t<div class=\"elementor-widget-container\">\n\t\t\t\t\t\t\t\t\t<div class=\"elementor-button-wrapper\">\n\t\t\t\t\t<a class=\"elementor-button elementor-button-link elementor-size-sm elementor-animation-grow\" href=\"https:\/\/direct-solutions.eu\/?page_id=15\">\n\t\t\t\t\t\t<span class=\"elementor-button-content-wrapper\">\n\t\t\t\t\t\t<span class=\"elementor-button-icon\">\n\t\t\t\t<svg aria-hidden=\"true\" class=\"e-font-icon-svg e-fas-head-side-virus\" viewBox=\"0 0 512 512\" xmlns=\"http:\/\/www.w3.org\/2000\/svg\"><path d=\"M272,240a16,16,0,1,0,16,16A16,16,0,0,0,272,240Zm-64-64a16,16,0,1,0,16,16A16,16,0,0,0,208,176Zm301.2,99c-20.93-47.12-48.43-151.73-73.07-186.75A207.9,207.9,0,0,0,266.09,0H192C86,0,0,86,0,192A191.23,191.23,0,0,0,64,334.81V512H320V448h64a64,64,0,0,0,64-64V320H480A32,32,0,0,0,509.2,275ZM368,240H355.88c-28.51,0-42.79,34.47-22.63,54.63l8.58,8.57a16,16,0,1,1-22.63,22.63l-8.57-8.58C290.47,297.09,256,311.37,256,339.88V352a16,16,0,0,1-32,0V339.88c0-28.51-34.47-42.79-54.63-22.63l-8.57,8.58a16,16,0,0,1-22.63-22.63l8.58-8.57c20.16-20.16,5.88-54.63-22.63-54.63H112a16,16,0,0,1,0-32h12.12c28.51,0,42.79-34.47,22.63-54.63l-8.58-8.57a16,16,0,0,1,22.63-22.63l8.57,8.58c20.16,20.16,54.63,5.88,54.63-22.63V96a16,16,0,0,1,32,0v12.12c0,28.51,34.47,42.79,54.63,22.63l8.57-8.58a16,16,0,0,1,22.63,22.63l-8.58,8.57C313.09,173.53,327.37,208,355.88,208H368a16,16,0,0,1,0,32Z\"><\/path><\/svg>\t\t\t<\/span>\n\t\t\t\t\t\t\t\t\t<span class=\"elementor-button-text\">Solutions<\/span>\n\t\t\t\t\t<\/span>\n\t\t\t\t\t<\/a>\n\t\t\t\t<\/div>\n\t\t\t\t\t\t\t\t<\/div>\n\t\t\t\t<\/div>\n\t\t\t\t<div class=\"elementor-element elementor-element-3fd6206 elementor-align-justify image-button elementor-widget elementor-widget-button\" data-id=\"3fd6206\" data-element_type=\"widget\" data-widget_type=\"button.default\">\n\t\t\t\t<div class=\"elementor-widget-container\">\n\t\t\t\t\t\t\t\t\t<div class=\"elementor-button-wrapper\">\n\t\t\t\t\t<a class=\"elementor-button elementor-button-link elementor-size-sm elementor-animation-grow\" href=\"https:\/\/direct-solutions.eu\/?page_id=17\">\n\t\t\t\t\t\t<span class=\"elementor-button-content-wrapper\">\n\t\t\t\t\t\t<span class=\"elementor-button-icon\">\n\t\t\t\t<svg aria-hidden=\"true\" class=\"e-font-icon-svg e-fas-city\" viewBox=\"0 0 640 512\" xmlns=\"http:\/\/www.w3.org\/2000\/svg\"><path d=\"M616 192H480V24c0-13.26-10.74-24-24-24H312c-13.26 0-24 10.74-24 24v72h-64V16c0-8.84-7.16-16-16-16h-16c-8.84 0-16 7.16-16 16v80h-64V16c0-8.84-7.16-16-16-16H80c-8.84 0-16 7.16-16 16v80H24c-13.26 0-24 10.74-24 24v360c0 17.67 14.33 32 32 32h576c17.67 0 32-14.33 32-32V216c0-13.26-10.75-24-24-24zM128 404c0 6.63-5.37 12-12 12H76c-6.63 0-12-5.37-12-12v-40c0-6.63 5.37-12 12-12h40c6.63 0 12 5.37 12 12v40zm0-96c0 6.63-5.37 12-12 12H76c-6.63 0-12-5.37-12-12v-40c0-6.63 5.37-12 12-12h40c6.63 0 12 5.37 12 12v40zm0-96c0 6.63-5.37 12-12 12H76c-6.63 0-12-5.37-12-12v-40c0-6.63 5.37-12 12-12h40c6.63 0 12 5.37 12 12v40zm128 192c0 6.63-5.37 12-12 12h-40c-6.63 0-12-5.37-12-12v-40c0-6.63 5.37-12 12-12h40c6.63 0 12 5.37 12 12v40zm0-96c0 6.63-5.37 12-12 12h-40c-6.63 0-12-5.37-12-12v-40c0-6.63 5.37-12 12-12h40c6.63 0 12 5.37 12 12v40zm0-96c0 6.63-5.37 12-12 12h-40c-6.63 0-12-5.37-12-12v-40c0-6.63 5.37-12 12-12h40c6.63 0 12 5.37 12 12v40zm160 96c0 6.63-5.37 12-12 12h-40c-6.63 0-12-5.37-12-12v-40c0-6.63 5.37-12 12-12h40c6.63 0 12 5.37 12 12v40zm0-96c0 6.63-5.37 12-12 12h-40c-6.63 0-12-5.37-12-12v-40c0-6.63 5.37-12 12-12h40c6.63 0 12 5.37 12 12v40zm0-96c0 6.63-5.37 12-12 12h-40c-6.63 0-12-5.37-12-12V76c0-6.63 5.37-12 12-12h40c6.63 0 12 5.37 12 12v40zm160 288c0 6.63-5.37 12-12 12h-40c-6.63 0-12-5.37-12-12v-40c0-6.63 5.37-12 12-12h40c6.63 0 12 5.37 12 12v40zm0-96c0 6.63-5.37 12-12 12h-40c-6.63 0-12-5.37-12-12v-40c0-6.63 5.37-12 12-12h40c6.63 0 12 5.37 12 12v40z\"><\/path><\/svg>\t\t\t<\/span>\n\t\t\t\t\t\t\t\t\t<span class=\"elementor-button-text\">Unternehmen<\/span>\n\t\t\t\t\t<\/span>\n\t\t\t\t\t<\/a>\n\t\t\t\t<\/div>\n\t\t\t\t\t\t\t\t<\/div>\n\t\t\t\t<\/div>\n\t\t\t\t<div class=\"elementor-element elementor-element-7a904f55 elementor-align-justify image-button elementor-widget elementor-widget-button\" data-id=\"7a904f55\" data-element_type=\"widget\" data-widget_type=\"button.default\">\n\t\t\t\t<div class=\"elementor-widget-container\">\n\t\t\t\t\t\t\t\t\t<div class=\"elementor-button-wrapper\">\n\t\t\t\t\t<a class=\"elementor-button elementor-button-link elementor-size-sm elementor-animation-grow\" href=\"https:\/\/direct-solutions.eu\/?page_id=19\">\n\t\t\t\t\t\t<span class=\"elementor-button-content-wrapper\">\n\t\t\t\t\t\t<span class=\"elementor-button-icon\">\n\t\t\t\t<svg aria-hidden=\"true\" class=\"e-font-icon-svg e-fas-network-wired\" viewBox=\"0 0 640 512\" xmlns=\"http:\/\/www.w3.org\/2000\/svg\"><path d=\"M640 264v-16c0-8.84-7.16-16-16-16H344v-40h72c17.67 0 32-14.33 32-32V32c0-17.67-14.33-32-32-32H224c-17.67 0-32 14.33-32 32v128c0 17.67 14.33 32 32 32h72v40H16c-8.84 0-16 7.16-16 16v16c0 8.84 7.16 16 16 16h104v40H64c-17.67 0-32 14.33-32 32v128c0 17.67 14.33 32 32 32h160c17.67 0 32-14.33 32-32V352c0-17.67-14.33-32-32-32h-56v-40h304v40h-56c-17.67 0-32 14.33-32 32v128c0 17.67 14.33 32 32 32h160c17.67 0 32-14.33 32-32V352c0-17.67-14.33-32-32-32h-56v-40h104c8.84 0 16-7.16 16-16zM256 128V64h128v64H256zm-64 320H96v-64h96v64zm352 0h-96v-64h96v64z\"><\/path><\/svg>\t\t\t<\/span>\n\t\t\t\t\t\t\t\t\t<span class=\"elementor-button-text\">Bereiche<\/span>\n\t\t\t\t\t<\/span>\n\t\t\t\t\t<\/a>\n\t\t\t\t<\/div>\n\t\t\t\t\t\t\t\t<\/div>\n\t\t\t\t<\/div>\n\t\t\t\t<div class=\"elementor-element elementor-element-2c01115a elementor-align-justify image-button elementor-widget elementor-widget-button\" data-id=\"2c01115a\" data-element_type=\"widget\" data-widget_type=\"button.default\">\n\t\t\t\t<div class=\"elementor-widget-container\">\n\t\t\t\t\t\t\t\t\t<div class=\"elementor-button-wrapper\">\n\t\t\t\t\t<a class=\"elementor-button elementor-button-link elementor-size-sm elementor-animation-grow\" href=\"https:\/\/direct-solutions.eu\/?page_id=21\">\n\t\t\t\t\t\t<span class=\"elementor-button-content-wrapper\">\n\t\t\t\t\t\t<span class=\"elementor-button-icon\">\n\t\t\t\t<svg aria-hidden=\"true\" class=\"e-font-icon-svg e-fas-user-friends\" viewBox=\"0 0 640 512\" xmlns=\"http:\/\/www.w3.org\/2000\/svg\"><path d=\"M192 256c61.9 0 112-50.1 112-112S253.9 32 192 32 80 82.1 80 144s50.1 112 112 112zm76.8 32h-8.3c-20.8 10-43.9 16-68.5 16s-47.6-6-68.5-16h-8.3C51.6 288 0 339.6 0 403.2V432c0 26.5 21.5 48 48 48h288c26.5 0 48-21.5 48-48v-28.8c0-63.6-51.6-115.2-115.2-115.2zM480 256c53 0 96-43 96-96s-43-96-96-96-96 43-96 96 43 96 96 96zm48 32h-3.8c-13.9 4.8-28.6 8-44.2 8s-30.3-3.2-44.2-8H432c-20.4 0-39.2 5.9-55.7 15.4 24.4 26.3 39.7 61.2 39.7 99.8v38.4c0 2.2-.5 4.3-.6 6.4H592c26.5 0 48-21.5 48-48 0-61.9-50.1-112-112-112z\"><\/path><\/svg>\t\t\t<\/span>\n\t\t\t\t\t\t\t\t\t<span class=\"elementor-button-text\">Zielgruppe<\/span>\n\t\t\t\t\t<\/span>\n\t\t\t\t\t<\/a>\n\t\t\t\t<\/div>\n\t\t\t\t\t\t\t\t<\/div>\n\t\t\t\t<\/div>\n\t\t\t\t<div class=\"elementor-element elementor-element-2de864b7 elementor-align-justify image-button elementor-widget elementor-widget-button\" data-id=\"2de864b7\" data-element_type=\"widget\" data-widget_type=\"button.default\">\n\t\t\t\t<div class=\"elementor-widget-container\">\n\t\t\t\t\t\t\t\t\t<div class=\"elementor-button-wrapper\">\n\t\t\t\t\t<a class=\"elementor-button elementor-button-link elementor-size-sm elementor-animation-grow\" href=\"https:\/\/direct-solutions.eu\/?page_id=23\">\n\t\t\t\t\t\t<span class=\"elementor-button-content-wrapper\">\n\t\t\t\t\t\t<span class=\"elementor-button-icon\">\n\t\t\t\t<svg aria-hidden=\"true\" class=\"e-font-icon-svg e-fas-meh-rolling-eyes\" viewBox=\"0 0 496 512\" xmlns=\"http:\/\/www.w3.org\/2000\/svg\"><path d=\"M248 8C111 8 0 119 0 256s111 248 248 248 248-111 248-248S385 8 248 8zM88 224c0-24.3 13.7-45.2 33.6-56-.7 2.6-1.6 5.2-1.6 8 0 17.7 14.3 32 32 32s32-14.3 32-32c0-2.8-.9-5.4-1.6-8 19.9 10.8 33.6 31.7 33.6 56 0 35.3-28.7 64-64 64s-64-28.7-64-64zm224 176H184c-21.2 0-21.2-32 0-32h128c21.2 0 21.2 32 0 32zm32-112c-35.3 0-64-28.7-64-64 0-24.3 13.7-45.2 33.6-56-.7 2.6-1.6 5.2-1.6 8 0 17.7 14.3 32 32 32s32-14.3 32-32c0-2.8-.9-5.4-1.6-8 19.9 10.8 33.6 31.7 33.6 56 0 35.3-28.7 64-64 64z\"><\/path><\/svg>\t\t\t<\/span>\n\t\t\t\t\t\t\t\t\t<span class=\"elementor-button-text\">Visionen<\/span>\n\t\t\t\t\t<\/span>\n\t\t\t\t\t<\/a>\n\t\t\t\t<\/div>\n\t\t\t\t\t\t\t\t<\/div>\n\t\t\t\t<\/div>\n\t\t\t\t<div class=\"elementor-element elementor-element-69b4bf5a elementor-align-justify image-button elementor-widget elementor-widget-button\" data-id=\"69b4bf5a\" data-element_type=\"widget\" data-widget_type=\"button.default\">\n\t\t\t\t<div class=\"elementor-widget-container\">\n\t\t\t\t\t\t\t\t\t<div class=\"elementor-button-wrapper\">\n\t\t\t\t\t<a class=\"elementor-button elementor-button-link elementor-size-sm elementor-animation-grow\" href=\"https:\/\/direct-solutions.eu\/?page_id=25\">\n\t\t\t\t\t\t<span class=\"elementor-button-content-wrapper\">\n\t\t\t\t\t\t<span class=\"elementor-button-icon\">\n\t\t\t\t<svg aria-hidden=\"true\" class=\"e-font-icon-svg e-fas-list-ul\" viewBox=\"0 0 512 512\" xmlns=\"http:\/\/www.w3.org\/2000\/svg\"><path d=\"M48 48a48 48 0 1 0 48 48 48 48 0 0 0-48-48zm0 160a48 48 0 1 0 48 48 48 48 0 0 0-48-48zm0 160a48 48 0 1 0 48 48 48 48 0 0 0-48-48zm448 16H176a16 16 0 0 0-16 16v32a16 16 0 0 0 16 16h320a16 16 0 0 0 16-16v-32a16 16 0 0 0-16-16zm0-320H176a16 16 0 0 0-16 16v32a16 16 0 0 0 16 16h320a16 16 0 0 0 16-16V80a16 16 0 0 0-16-16zm0 160H176a16 16 0 0 0-16 16v32a16 16 0 0 0 16 16h320a16 16 0 0 0 16-16v-32a16 16 0 0 0-16-16z\"><\/path><\/svg>\t\t\t<\/span>\n\t\t\t\t\t\t\t\t\t<span class=\"elementor-button-text\">Referenzen<\/span>\n\t\t\t\t\t<\/span>\n\t\t\t\t\t<\/a>\n\t\t\t\t<\/div>\n\t\t\t\t\t\t\t\t<\/div>\n\t\t\t\t<\/div>\n\t\t\t\t<div class=\"elementor-element elementor-element-5ccfc1f7 elementor-align-justify image-button elementor-widget elementor-widget-button\" data-id=\"5ccfc1f7\" data-element_type=\"widget\" data-widget_type=\"button.default\">\n\t\t\t\t<div class=\"elementor-widget-container\">\n\t\t\t\t\t\t\t\t\t<div class=\"elementor-button-wrapper\">\n\t\t\t\t\t<a class=\"elementor-button elementor-button-link elementor-size-sm elementor-animation-grow\" href=\"https:\/\/direct-solutions.eu\/?page_id=27\">\n\t\t\t\t\t\t<span class=\"elementor-button-content-wrapper\">\n\t\t\t\t\t\t<span class=\"elementor-button-icon\">\n\t\t\t\t<svg aria-hidden=\"true\" class=\"e-font-icon-svg e-fas-images\" viewBox=\"0 0 576 512\" xmlns=\"http:\/\/www.w3.org\/2000\/svg\"><path d=\"M480 416v16c0 26.51-21.49 48-48 48H48c-26.51 0-48-21.49-48-48V176c0-26.51 21.49-48 48-48h16v208c0 44.112 35.888 80 80 80h336zm96-80V80c0-26.51-21.49-48-48-48H144c-26.51 0-48 21.49-48 48v256c0 26.51 21.49 48 48 48h384c26.51 0 48-21.49 48-48zM256 128c0 26.51-21.49 48-48 48s-48-21.49-48-48 21.49-48 48-48 48 21.49 48 48zm-96 144l55.515-55.515c4.686-4.686 12.284-4.686 16.971 0L272 256l135.515-135.515c4.686-4.686 12.284-4.686 16.971 0L512 208v112H160v-48z\"><\/path><\/svg>\t\t\t<\/span>\n\t\t\t\t\t\t\t\t\t<span class=\"elementor-button-text\">Galerie<\/span>\n\t\t\t\t\t<\/span>\n\t\t\t\t\t<\/a>\n\t\t\t\t<\/div>\n\t\t\t\t\t\t\t\t<\/div>\n\t\t\t\t<\/div>\n\t\t\t\t<div class=\"elementor-element elementor-element-1f90e0fc elementor-align-justify image-button elementor-widget elementor-widget-button\" data-id=\"1f90e0fc\" data-element_type=\"widget\" data-widget_type=\"button.default\">\n\t\t\t\t<div class=\"elementor-widget-container\">\n\t\t\t\t\t\t\t\t\t<div class=\"elementor-button-wrapper\">\n\t\t\t\t\t<a class=\"elementor-button elementor-button-link elementor-size-sm elementor-animation-grow\" href=\"https:\/\/direct-solutions.eu\/?page_id=640\">\n\t\t\t\t\t\t<span class=\"elementor-button-content-wrapper\">\n\t\t\t\t\t\t<span class=\"elementor-button-icon\">\n\t\t\t\t<svg aria-hidden=\"true\" class=\"e-font-icon-svg e-fas-id-card\" viewBox=\"0 0 576 512\" xmlns=\"http:\/\/www.w3.org\/2000\/svg\"><path d=\"M528 32H48C21.5 32 0 53.5 0 80v16h576V80c0-26.5-21.5-48-48-48zM0 432c0 26.5 21.5 48 48 48h480c26.5 0 48-21.5 48-48V128H0v304zm352-232c0-4.4 3.6-8 8-8h144c4.4 0 8 3.6 8 8v16c0 4.4-3.6 8-8 8H360c-4.4 0-8-3.6-8-8v-16zm0 64c0-4.4 3.6-8 8-8h144c4.4 0 8 3.6 8 8v16c0 4.4-3.6 8-8 8H360c-4.4 0-8-3.6-8-8v-16zm0 64c0-4.4 3.6-8 8-8h144c4.4 0 8 3.6 8 8v16c0 4.4-3.6 8-8 8H360c-4.4 0-8-3.6-8-8v-16zM176 192c35.3 0 64 28.7 64 64s-28.7 64-64 64-64-28.7-64-64 28.7-64 64-64zM67.1 396.2C75.5 370.5 99.6 352 128 352h8.2c12.3 5.1 25.7 8 39.8 8s27.6-2.9 39.8-8h8.2c28.4 0 52.5 18.5 60.9 44.2 3.2 9.9-5.2 19.8-15.6 19.8H82.7c-10.4 0-18.8-10-15.6-19.8z\"><\/path><\/svg>\t\t\t<\/span>\n\t\t\t\t\t\t\t\t\t<span class=\"elementor-button-text\">Kontakt<\/span>\n\t\t\t\t\t<\/span>\n\t\t\t\t\t<\/a>\n\t\t\t\t<\/div>\n\t\t\t\t\t\t\t\t<\/div>\n\t\t\t\t<\/div>\n\t\t\t\t<div class=\"elementor-element elementor-element-472be6fa elementor-widget__width-initial elementor-widget elementor-widget-image\" data-id=\"472be6fa\" data-element_type=\"widget\" data-widget_type=\"image.default\">\n\t\t\t\t<div class=\"elementor-widget-container\">\n\t\t\t\t\t\t\t\t\t\t\t\t\t\t\t<img fetchpriority=\"high\" decoding=\"async\" width=\"126\" height=\"650\" src=\"https:\/\/direct-solutions.eu\/wp-content\/uploads\/2024\/01\/Home_l.png\" class=\"attachment-full size-full wp-image-375\" alt=\"\" srcset=\"https:\/\/direct-solutions.eu\/wp-content\/uploads\/2024\/01\/Home_l.png 126w, https:\/\/direct-solutions.eu\/wp-content\/uploads\/2024\/01\/Home_l-58x300.png 58w\" sizes=\"(max-width: 126px) 100vw, 126px\" \/>\t\t\t\t\t\t\t\t\t\t\t\t\t\t\t<\/div>\n\t\t\t\t<\/div>\n\t\t\t\t<\/div>\n\t\t<div class=\"elementor-element elementor-element-2e0f945f e-con-full e-flex e-con e-child\" data-id=\"2e0f945f\" data-element_type=\"container\">\n\t\t\t\t<div class=\"elementor-element elementor-element-4fa49095 elementor-widget__width-initial elementor-widget elementor-widget-text-editor\" data-id=\"4fa49095\" data-element_type=\"widget\" data-widget_type=\"text-editor.default\">\n\t\t\t\t<div class=\"elementor-widget-container\">\n\t\t\t\t\t\t\t\t\t<h1><span style=\"color: #00ccff;\">DGSVO Konformit\u00e4t<br \/><\/span><\/h1>\t\t\t\t\t\t\t\t<\/div>\n\t\t\t\t<\/div>\n\t\t<div class=\"elementor-element elementor-element-5509b0f8 e-flex e-con-boxed e-con e-child\" data-id=\"5509b0f8\" data-element_type=\"container\">\n\t\t\t\t\t<div class=\"e-con-inner\">\n\t\t<div class=\"elementor-element elementor-element-6f439d89 e-flex e-con-boxed e-con e-child\" data-id=\"6f439d89\" data-element_type=\"container\">\n\t\t\t\t\t<div class=\"e-con-inner\">\n\t\t\t\t<div class=\"elementor-element elementor-element-60074c08 elementor-widget elementor-widget-text-editor\" data-id=\"60074c08\" data-element_type=\"widget\" data-widget_type=\"text-editor.default\">\n\t\t\t\t<div class=\"elementor-widget-container\">\n\t\t\t\t\t\t\t\t\t<h3>DGSVO Konformit\u00e4t Direct Solutions<\/h3><p>\u00a0<\/p>\t\t\t\t\t\t\t\t<\/div>\n\t\t\t\t<\/div>\n\t\t\t\t<div class=\"elementor-element elementor-element-3443f2b elementor-widget elementor-widget-text-editor\" data-id=\"3443f2b\" data-element_type=\"widget\" id=\"mein_selector\" data-widget_type=\"text-editor.default\">\n\t\t\t\t<div class=\"elementor-widget-container\">\n\t\t\t\t\t\t\t\t\t<h5>1. Erhebung und Verarbeitung von http-Protokolldaten<\/h5><p>Bei Besuch unserer Website und bei jedem Abruf einer Datei sammelt unser Webserver \u00fcber diese Vorg\u00e4nge Protokollinformationen (z.B. Browsertyp, Datum und Uhrzeit des Abrufs). Dies sind keine personenbezogenen Daten. Es ist uns also nicht m\u00f6glich, die erfassten Daten einer bestimmten nat\u00fcrlichen Person zuzuordnen.<br \/>S\u00e4mtliche dieser Angaben werden von uns ausschlie\u00dflich zu statistischen Zwecken ausgewertet. Eine Weitergabe an Dritte erfolgt nicht. Eine Verkn\u00fcpfung dieser Daten mit anderen Daten erfolgt durch uns nicht. Die Daten werden zudem nach einer statistischen Auswertung regelm\u00e4\u00dfig innerhalb von einer Woche gel\u00f6scht.<\/p><h5>2. Verwendung personenbezogener Daten<\/h5><p>Personenbezogene Daten werden von uns nur dann und nur in dem Umfang erhoben, wie Sie sie uns mit Ihrer Kenntnis selbst zur Verf\u00fcgung stellen. Insbesondere erfolgt keine Nutzung dieser personenbezogenen Daten f\u00fcr Zwecke der Werbung\/Marktforschung.<br \/>Eine Angabe der Verarbeitungszwecke erfolgt an den entsprechenden Stellen unserer Websites und unterliegt keiner nachtr\u00e4glichen \u00c4nderung. Eine Weitergabe der Daten an Dritte erfolgt ohne Ihre Einwilligung nur dann, wenn wir hierzu gesetzlich verpflichtet sind.<\/p><h5>3. Verwendung von Cookies<\/h5><p>Cookies sind Datens\u00e4tze, die vom Webserver an den Webbrowser des Nutzers gesandt und dort f\u00fcr einen sp\u00e4teren Abruf gespeichert werden. Ob Cookies gesammelt werden k\u00f6nnen, bestimmen Sie selbst, indem Sie Ihren Browser in der Weise einstellen, dass Sie vor dem Speichern eines Cookies informiert werden und eine Speicherung erst erfolgt, wenn Sie dies ausdr\u00fccklich akzeptieren.<br \/>Wir verwenden Cookies nur zu dem Zweck, Informationen \u00fcber die Nutzung unseres Webangebotes zu erhalten sowie zu statistischen Zwecken.<br \/>Unsere Cookies enthalten folgende Datens\u00e4tze:<br \/>Die Datens\u00e4tze enthalten keine personenbezogenen Informationen. Eine Zusammenf\u00fchrung mit etwaigen von Ihnen zur Verf\u00fcgung gestellten personenbezogenen Daten erfolgt nicht.<\/p><h5>4. Auskunftsrecht<\/h5><p>Sie haben das Recht, jederzeit Auskunft \u00fcber die zu Ihrer Person gespeicherten Daten zu erhalten, einschlie\u00dflich Herkunft und Empf\u00e4nger Ihrer Daten sowie den Zweck der Datenverarbeitung. Ihre Anfrage richten Sie bitte schriftlich oder per E-Mail an unsere unten genannten Adressen.<br \/>Diese Datenschutzerkl\u00e4rung gilt nur f\u00fcr Inhalte auf unseren Servern und umfasst nicht die auf unserer Seite verlinkten Webseiten.<\/p><h5>5. \u00dcber uns<\/h5><p>Dies ist die Datenschutzerkl\u00e4rung des Unternehmens Direct Solutions, 49082 Osnabr\u00fcck, Bohnenkampstr.38 (www.direct-solution.eu) Sollten Sie Fragen zu dieser Datenschutzerkl\u00e4rung haben, wenden Sie sich gerne direkt per Post oder E-Mail an uns.<\/p>\t\t\t\t\t\t\t\t<\/div>\n\t\t\t\t<\/div>\n\t\t\t\t\t<\/div>\n\t\t\t\t<\/div>\n\t\t\t\t\t<\/div>\n\t\t\t\t<\/div>\n\t\t\t\t<\/div>\n\t\t<div class=\"elementor-element elementor-element-7bcb2115 e-con-full elementor-hidden-mobile e-flex e-con e-child\" data-id=\"7bcb2115\" data-element_type=\"container\">\n\t\t\t\t<div class=\"elementor-element elementor-element-1fe333d5 elementor-widget__width-initial elementor-widget elementor-widget-image\" data-id=\"1fe333d5\" data-element_type=\"widget\" data-widget_type=\"image.default\">\n\t\t\t\t<div class=\"elementor-widget-container\">\n\t\t\t\t\t\t\t\t\t\t\t\t\t\t\t<img decoding=\"async\" width=\"126\" height=\"650\" src=\"https:\/\/direct-solutions.eu\/wp-content\/uploads\/2024\/01\/DGSVO_4.png\" class=\"attachment-large size-large wp-image-1257\" alt=\"\" srcset=\"https:\/\/direct-solutions.eu\/wp-content\/uploads\/2024\/01\/DGSVO_4.png 126w, https:\/\/direct-solutions.eu\/wp-content\/uploads\/2024\/01\/DGSVO_4-58x300.png 58w\" sizes=\"(max-width: 126px) 100vw, 126px\" \/>\t\t\t\t\t\t\t\t\t\t\t\t\t\t\t<\/div>\n\t\t\t\t<\/div>\n\t\t\t\t<\/div>\n\t\t\t\t<\/div>\n\t\t\t\t\t<\/div>\n\t\t\t\t<\/div>\n\t\t\t\t\t<\/div>\n\t\t\t\t<\/div>\n\t\t<div class=\"elementor-element elementor-element-67adf3df e-con-full e-flex e-con e-parent\" data-id=\"67adf3df\" data-element_type=\"container\" data-settings=\"{&quot;background_background&quot;:&quot;classic&quot;}\">\n\t\t\t\t<\/div>\n\t\t\t\t<\/div>\n\t\t","protected":false},"excerpt":{"rendered":"<p>Home Solutions Unternehmen Bereiche Zielgruppe Visionen Referenzen Galerie Kontakt DGSVO Konformit\u00e4t DGSVO Konformit\u00e4t Direct Solutions \u00a0 1. Erhebung und Verarbeitung von http-Protokolldaten Bei Besuch unserer Website und bei jedem Abruf einer Datei sammelt unser Webserver \u00fcber diese Vorg\u00e4nge Protokollinformationen (z.B. Browsertyp, Datum und Uhrzeit des Abrufs). Dies sind keine personenbezogenen Daten. Es ist uns also [&hellip;]<\/p>\n","protected":false},"author":1,"featured_media":0,"parent":0,"menu_order":0,"comment_status":"closed","ping_status":"closed","template":"","meta":{"ocean_post_layout":"full-screen","ocean_both_sidebars_style":"","ocean_both_sidebars_content_width":0,"ocean_both_sidebars_sidebars_width":0,"ocean_sidebar":"","ocean_second_sidebar":"","ocean_disable_margins":"enable","ocean_add_body_class":"","ocean_shortcode_before_top_bar":"","ocean_shortcode_after_top_bar":"","ocean_shortcode_before_header":"","ocean_shortcode_after_header":"","ocean_has_shortcode":"","ocean_shortcode_after_title":"","ocean_shortcode_before_footer_widgets":"","ocean_shortcode_after_footer_widgets":"","ocean_shortcode_before_footer_bottom":"","ocean_shortcode_after_footer_bottom":"","ocean_display_top_bar":"off","ocean_display_header":"default","ocean_header_style":"","ocean_center_header_left_menu":"","ocean_custom_header_template":"","ocean_custom_logo":0,"ocean_custom_retina_logo":0,"ocean_custom_logo_max_width":0,"ocean_custom_logo_tablet_max_width":0,"ocean_custom_logo_mobile_max_width":0,"ocean_custom_logo_max_height":0,"ocean_custom_logo_tablet_max_height":0,"ocean_custom_logo_mobile_max_height":0,"ocean_header_custom_menu":"","ocean_menu_typo_font_family":"","ocean_menu_typo_font_subset":"","ocean_menu_typo_font_size":0,"ocean_menu_typo_font_size_tablet":0,"ocean_menu_typo_font_size_mobile":0,"ocean_menu_typo_font_size_unit":"px","ocean_menu_typo_font_weight":"","ocean_menu_typo_font_weight_tablet":"","ocean_menu_typo_font_weight_mobile":"","ocean_menu_typo_transform":"","ocean_menu_typo_transform_tablet":"","ocean_menu_typo_transform_mobile":"","ocean_menu_typo_line_height":0,"ocean_menu_typo_line_height_tablet":0,"ocean_menu_typo_line_height_mobile":0,"ocean_menu_typo_line_height_unit":"","ocean_menu_typo_spacing":0,"ocean_menu_typo_spacing_tablet":0,"ocean_menu_typo_spacing_mobile":0,"ocean_menu_typo_spacing_unit":"","ocean_menu_link_color":"","ocean_menu_link_color_hover":"","ocean_menu_link_color_active":"","ocean_menu_link_background":"","ocean_menu_link_hover_background":"","ocean_menu_link_active_background":"","ocean_menu_social_links_bg":"","ocean_menu_social_hover_links_bg":"","ocean_menu_social_links_color":"","ocean_menu_social_hover_links_color":"","ocean_disable_title":"default","ocean_disable_heading":"default","ocean_post_title":"","ocean_post_subheading":"","ocean_post_title_style":"","ocean_post_title_background_color":"","ocean_post_title_background":0,"ocean_post_title_bg_image_position":"","ocean_post_title_bg_image_attachment":"","ocean_post_title_bg_image_repeat":"","ocean_post_title_bg_image_size":"","ocean_post_title_height":0,"ocean_post_title_bg_overlay":0.5,"ocean_post_title_bg_overlay_color":"","ocean_disable_breadcrumbs":"default","ocean_breadcrumbs_color":"","ocean_breadcrumbs_separator_color":"","ocean_breadcrumbs_links_color":"","ocean_breadcrumbs_links_hover_color":"","ocean_display_footer_widgets":"on","ocean_display_footer_bottom":"on","ocean_custom_footer_template":"","footnotes":""},"_links":{"self":[{"href":"https:\/\/direct-solutions.eu\/index.php?rest_route=\/wp\/v2\/pages\/133"}],"collection":[{"href":"https:\/\/direct-solutions.eu\/index.php?rest_route=\/wp\/v2\/pages"}],"about":[{"href":"https:\/\/direct-solutions.eu\/index.php?rest_route=\/wp\/v2\/types\/page"}],"author":[{"embeddable":true,"href":"https:\/\/direct-solutions.eu\/index.php?rest_route=\/wp\/v2\/users\/1"}],"replies":[{"embeddable":true,"href":"https:\/\/direct-solutions.eu\/index.php?rest_route=%2Fwp%2Fv2%2Fcomments&post=133"}],"version-history":[{"count":83,"href":"https:\/\/direct-solutions.eu\/index.php?rest_route=\/wp\/v2\/pages\/133\/revisions"}],"predecessor-version":[{"id":1432,"href":"https:\/\/direct-solutions.eu\/index.php?rest_route=\/wp\/v2\/pages\/133\/revisions\/1432"}],"wp:attachment":[{"href":"https:\/\/direct-solutions.eu\/index.php?rest_route=%2Fwp%2Fv2%2Fmedia&parent=133"}],"curies":[{"name":"wp","href":"https:\/\/api.w.org\/{rel}","templated":true}]}}